{"id":779,"date":"2023-12-11T16:27:38","date_gmt":"2023-12-11T15:27:38","guid":{"rendered":"https:\/\/ce-bu.ch\/gtc\/"},"modified":"2025-10-10T08:16:37","modified_gmt":"2025-10-10T06:16:37","slug":"gtc","status":"publish","type":"page","link":"https:\/\/ce-bu.ch\/it\/gtc\/","title":{"rendered":"CG"},"content":{"rendered":"<p>[et_pb_section fb_built=&#8221;1&#8243; admin_label=&#8221;section&#8221; _builder_version=&#8221;4.16&#8243; global_colors_info=&#8221;{}&#8221;][et_pb_row admin_label=&#8221;fila&#8221; _builder_version=&#8221;4.16&#8243; background_size=&#8221;initial&#8221; background_position=&#8221;top_left&#8221; background_repeat=&#8221;repeat&#8221; min_height=&#8221;2707.3px&#8221; custom_padding=&#8221;112px|||||&#8221; global_colors_info=&#8221;{}&#8221;][et_pb_column type=&#8221;4_4&#8243; _builder_version=&#8221;4.16&#8243; custom_padding=&#8221;|||&#8221; global_colors_info=&#8221;{}&#8221; custom_padding__hover=&#8221;|||&#8221;][et_pb_text admin_label=&#8221;Text&#8221; _builder_version=&#8221;4.16&#8243; background_size=&#8221;initial&#8221; background_position=&#8221;top_left&#8221; background_repeat=&#8221;repeat&#8221; custom_margin=&#8221;-159px|||||&#8221; global_colors_info=&#8221;{}&#8221;]<\/p>\n<h2 class=\"wp-block-heading\"><\/h2>\n<p>&nbsp;<\/p>\n<p>&nbsp;<\/p>\n<h2 class=\"wp-block-heading\">Termini e condizioni d&#8217;uso<\/h2>\n<p>&nbsp;<\/p>\n<h2 class=\"wp-block-heading\"><\/h2>\n<h2 class=\"wp-block-heading\">Scopo<\/h2>\n<p>I presenti Termini e condizioni d&#8217;uso dell&#8217;Applicazione Cloud (il &#8220;Contratto Cebu&#8221;) sono stipulati tra &#8220;Beratung Alois Huser&#8221;, una persona giuridica (&#8220;Societ\u00e0&#8221;, &#8220;noi&#8221; o &#8220;ci&#8221;), e l&#8217;utente (&#8220;Utente&#8221; o &#8220;tu&#8221;) di &#8220;Cebu&#8221; (l'&#8221;Applicazione&#8221;). Accedendo o utilizzando l&#8217;Applicazione, l&#8217;utente accetta di essere vincolato dai termini del presente Accordo.<br \/>Nome e indirizzo della societ\u00e0:<br \/>Beratung Alois Huser<br \/>R\u00f6merweg 32, 5443 Niederrohrdorf<br \/>www.alhus.ch<br \/>Email: cebu@alhus.ch<\/p>\n<p>&nbsp;<\/p>\n<h2 class=\"wp-block-heading\">Registrazione e utilizzo del conto<\/h2>\n<p><strong>Registrazione<\/strong>. Per utilizzare l&#8217;applicazione, \u00e8 necessario registrare un conto. L&#8217;utente si impegna a fornire informazioni accurate, aggiornate e complete al momento della registrazione.<br \/><strong>Sicurezza del conto.<\/strong> L&#8217;utente \u00e8 responsabile del mantenimento della riservatezza delle informazioni del proprio conto e di tutte le attivit\u00e0 che si svolgono con il proprio conto. Comunicare immediatamente qualsiasi uso non autorizzato o violazione della sicurezza.<br \/><strong>Autenticazione a due fattori.<\/strong> \u00c8 possibile utilizzare l&#8217;applicazione solo con l&#8217;autenticazione a due fattori tramite un autenticatore di app di terze parti.<\/p>\n<p>&nbsp;<\/p>\n<h2 class=\"wp-block-heading\">Rilascio della licenza<\/h2>\n<p>In base ai presenti termini e condizioni, vi concediamo una licenza non esclusiva, non trasferibile e revocabile per l&#8217;accesso e l&#8217;utilizzo dell&#8217;Applicazione per scopi personali o aziendali interni.<\/p>\n<p>&nbsp;<\/p>\n<h2 class=\"wp-block-heading\">Abbonamento e prezzi<\/h2>\n<p><strong>Durata dell&#8217;abbonamento.<\/strong> La durata dell&#8217;abbonamento \u00e8 di un anno. L&#8217;abbonamento si rinnova automaticamente se non viene annullato 10 giorni prima della scadenza.<br \/><strong>Prezzo.<\/strong> Il prezzo per un anno deve essere pagato in anticipo. Possiamo adeguare il prezzo annualmente.<\/p>\n<p>&nbsp;<\/p>\n<h2 class=\"wp-block-heading\">Protezione dei dati<\/h2>\n<p><strong>Raccolta dati.<\/strong> Siamo autorizzati a raccogliere e trattare i dati personali in conformit\u00e0 alla nostra politica sulla privacy. Utilizzando l&#8217;Applicazione, l&#8217;utente acconsente a tale raccolta ed elaborazione.<br \/><strong>Accesso non autorizzato da parte di terzi.<\/strong> Rispettiamo le disposizioni della legislazione svizzera in materia di protezione dei dati. Ci impegniamo ad adottare tutte le precauzioni economicamente giustificabili e tecnicamente e organizzativamente possibili per proteggere efficacemente i dati raccolti nel corso dell&#8217;elaborazione del contratto dall&#8217;accesso non autorizzato di terzi.<br \/><strong>Ispezione delle informazioni da parte dei nostri dipendenti.<\/strong> I nostri dipendenti possono visualizzare le informazioni relative all&#8217;utente e ai suoi database allo scopo di risolvere i problemi, elaborare le richieste di assistenza e fornire i servizi concordati. I dati non personali o anonimi possono essere raccolti automaticamente per migliorare i nostri servizi. Non trasmettiamo questi dati a terzi.<br \/><strong>Sicurezza dei dati<\/strong>. Adottiamo misure appropriate per proteggere i vostri dati, ma non possiamo garantire la sicurezza dei vostri dati. L&#8217;utente \u00e8 responsabile della creazione di copie di backup dei propri dati.<br \/><strong>Cancellazione dei dati al termine del rapporto<\/strong>. Cancelliamo tutti i vostri dati sui nostri server quando annullate il vostro abbonamento.<\/p>\n<p>&nbsp;<\/p>\n<h2 class=\"wp-block-heading\">Limitazione d&#8217;uso<\/h2>\n<p>Non si deve:<\/p>\n<ul>\n<li>Utilizzare l&#8217;applicazione per scopi illegali o non autorizzati.<\/li>\n<li>Interferire o interrompere l&#8217;integrit\u00e0 o le prestazioni dell&#8217;applicazione.<\/li>\n<li>Reverse engineering, decompilazione, disassemblaggio o tentativo di ricavare il codice sorgente dell&#8217;applicazione.<\/li>\n<\/ul>\n<p>&nbsp;<\/p>\n<h2 class=\"wp-block-heading\">Propriet\u00e0 intellettuale<\/h2>\n<p>L&#8217;Applicazione e tutti i diritti di propriet\u00e0 intellettuale sono di propriet\u00e0 della Societ\u00e0 o dei suoi licenziatari. I presenti Termini e condizioni non concedono all&#8217;utente alcun diritto di utilizzare nomi commerciali, marchi di fabbrica, marchi di servizio, loghi, nomi di dominio o altri elementi distintivi del marchio della Societ\u00e0.<\/p>\n<p>&nbsp;<\/p>\n<h2 class=\"wp-block-heading\">Esclusioni di responsabilit\u00e0<\/h2>\n<p>L&#8217;applicazione viene fornita &#8220;cos\u00ec com&#8217;\u00e8&#8221; e senza garanzie di alcun tipo. Non garantiamo che l&#8217;applicazione sia priva di errori o ininterrotta. Inoltre, qualsiasi garanzia \u00e8 esclusa a causa della natura tecnica di Internet, per cui non vi \u00e8 alcuna garanzia per la disponibilit\u00e0 di strutture tecniche. Allo stesso modo, non si garantisce una trasmissione senza errori, immediata e sicura via Internet tra l&#8217;utente e noi.<\/p>\n<p>&nbsp;<\/p>\n<h2 class=\"wp-block-heading\">Limitazione di responsabilit\u00e0<\/h2>\n<p>Nella misura consentita dalla legge, in nessun caso la Societ\u00e0 sar\u00e0 responsabile per danni indiretti, incidentali, speciali, consequenziali o punitivi o per perdita di profitti o entrate.<\/p>\n<p>&nbsp;<\/p>\n<h2 class=\"wp-block-heading\">Terminazione<\/h2>\n<p>I presenti termini e condizioni commerciali e di utilizzo si applicano fino alla loro cancellazione. In caso di impossibilit\u00e0 di adempimento non imputabile a noi (in particolare in caso di inadempimento da parte di terzi), saremo esonerati dall&#8217;obbligo di adempimento senza conseguenze a seguito di notifica scritta al cliente. Possiamo rescindere l&#8217;abbonamento al termine della durata annuale del contratto con un periodo di preavviso di 3 mesi.<br \/>Possiamo interrompere o sospendere il tuo accesso all&#8217;applicazione in qualsiasi momento e senza preavviso se riteniamo che il tuo comportamento violi i presenti termini e condizioni o sia dannoso per gli altri utenti o per noi.<\/p>\n<p>&nbsp;<\/p>\n<h2 class=\"wp-block-heading\">Legge applicabile<\/h2>\n<p>I presenti Termini e condizioni sono disciplinati e interpretati esclusivamente in base al diritto svizzero, senza tener conto dei suoi principi di conflitto di leggi. In caso di divergenze di opinione, le parti contraenti si impegnano a cercare di raggiungere una soluzione amichevole prima di ricorrere a un giudice. Il luogo di adempimento e la giurisdizione \u00e8 Baden, Svizzera.<\/p>\n<p>&nbsp;<\/p>\n<h2 class=\"wp-block-heading\">Modifiche alle condizioni<\/h2>\n<p>Ci riserviamo il diritto di aggiornare o modificare i presenti termini e condizioni d&#8217;uso in qualsiasi momento. Eventuali modifiche entreranno in vigore immediatamente dopo la loro pubblicazione. La prosecuzione dell&#8217;uso dell&#8217;applicazione dopo una modifica sar\u00e0 considerata come un consenso a tali modifiche.<\/p>\n<p>&nbsp;<\/p>\n<h2 class=\"wp-block-heading\">Informazioni di contatto<\/h2>\n<p>In caso di domande su questi termini e condizioni, si prega di contattarci all&#8217;indirizzo: cebu@alhus.ch.<\/p>\n<p>&nbsp;<\/p>\n<p>[\/et_pb_text][\/et_pb_column][\/et_pb_row][\/et_pb_section]<\/p>\n","protected":false},"excerpt":{"rendered":"<p>&nbsp; &nbsp; Termini e condizioni d&#8217;uso &nbsp; Scopo I presenti Termini e condizioni d&#8217;uso dell&#8217;Applicazione Cloud (il &#8220;Contratto Cebu&#8221;) sono stipulati tra &#8220;Beratung Alois Huser&#8221;, una persona giuridica (&#8220;Societ\u00e0&#8221;, &#8220;noi&#8221; o &#8220;ci&#8221;), e l&#8217;utente (&#8220;Utente&#8221; o &#8220;tu&#8221;) di &#8220;Cebu&#8221; (l'&#8221;Applicazione&#8221;). Accedendo o utilizzando l&#8217;Applicazione, l&#8217;utente accetta di essere vincolato dai termini del presente Accordo.Nome e [&hellip;]<\/p>\n","protected":false},"author":1,"featured_media":0,"parent":0,"menu_order":0,"comment_status":"closed","ping_status":"closed","template":"","meta":{"_et_pb_use_builder":"on","_et_pb_old_content":"","_et_gb_content_width":"","footnotes":""},"class_list":["post-779","page","type-page","status-publish","hentry"],"_links":{"self":[{"href":"https:\/\/ce-bu.ch\/it\/wp-json\/wp\/v2\/pages\/779","targetHints":{"allow":["GET"]}}],"collection":[{"href":"https:\/\/ce-bu.ch\/it\/wp-json\/wp\/v2\/pages"}],"about":[{"href":"https:\/\/ce-bu.ch\/it\/wp-json\/wp\/v2\/types\/page"}],"author":[{"embeddable":true,"href":"https:\/\/ce-bu.ch\/it\/wp-json\/wp\/v2\/users\/1"}],"replies":[{"embeddable":true,"href":"https:\/\/ce-bu.ch\/it\/wp-json\/wp\/v2\/comments?post=779"}],"version-history":[{"count":14,"href":"https:\/\/ce-bu.ch\/it\/wp-json\/wp\/v2\/pages\/779\/revisions"}],"predecessor-version":[{"id":1095,"href":"https:\/\/ce-bu.ch\/it\/wp-json\/wp\/v2\/pages\/779\/revisions\/1095"}],"wp:attachment":[{"href":"https:\/\/ce-bu.ch\/it\/wp-json\/wp\/v2\/media?parent=779"}],"curies":[{"name":"wp","href":"https:\/\/api.w.org\/{rel}","templated":true}]}}