{"id":771,"date":"2023-11-14T13:59:15","date_gmt":"2023-11-14T12:59:15","guid":{"rendered":"https:\/\/ce-bu.ch\/informativa-sulla-privacy\/"},"modified":"2024-01-05T17:40:46","modified_gmt":"2024-01-05T16:40:46","slug":"informativa-sulla-privacy","status":"publish","type":"page","link":"https:\/\/ce-bu.ch\/it\/informativa-sulla-privacy\/","title":{"rendered":"Politica sulla privacy"},"content":{"rendered":"<p>[et_pb_section fb_built=&#8221;1&#8243; admin_label=&#8221;section&#8221; _builder_version=&#8221;4.16&#8243; global_colors_info=&#8221;{}&#8221;][et_pb_row admin_label=&#8221;fila&#8221; _builder_version=&#8221;4.16&#8243; background_size=&#8221;initial&#8221; background_position=&#8221;top_left&#8221; background_repeat=&#8221;repeat&#8221; custom_padding=&#8221;86px|||||&#8221; global_colors_info=&#8221;{}&#8221;][et_pb_column type=&#8221;4_4&#8243; _builder_version=&#8221;4.16&#8243; custom_padding=&#8221;|||&#8221; global_colors_info=&#8221;{}&#8221; custom_padding__hover=&#8221;|||&#8221;][et_pb_text admin_label=&#8221;Text&#8221; _builder_version=&#8221;4.23.4&#8243; background_size=&#8221;initial&#8221; background_position=&#8221;top_left&#8221; background_repeat=&#8221;repeat&#8221; hover_enabled=&#8221;0&#8243; global_colors_info=&#8221;{}&#8221; custom_padding=&#8221;1px|||||&#8221; sticky_enabled=&#8221;0&#8243;]<\/p>\n<h1 class=\"wp-block-heading\">Politica sulla privacy<\/h1>\n<h2 class=\"wp-block-heading\"><\/h2>\n<h2 class=\"wp-block-heading\">Scopo<\/h2>\n<p>La seguente informativa sulla privacy informa i visitatori di questo sito web sulle finalit\u00e0 del trattamento e dell&#8217;analisi dei dati personali. Nel trattamento dei dati personali, quali nome, indirizzo, indirizzo e-mail o numero di telefono, ci atteniamo alle disposizioni della legge federale de Svizzera sulla protezione dei dati. Accedendo a questo sito e ai suoi link, dichiarate di aver compreso e accettato le seguenti informazioni. In generale \u00e8 possibile utilizzare il sito web &#8220;ce-bu.ch&#8221; senza fornire alcun dato personale. Se non si \u00e8 d&#8217;accordo con l&#8217;informativa sulla privacy, si prega di astenersi dall&#8217;accedere a questo sito web o dal trasmettere dati personali in futuro. Ci riserviamo il diritto di rivedere l&#8217;informativa sulla privacy in qualsiasi momento. Viene sempre utilizzata la versione pi\u00f9 recente al momento dell&#8217;utilizzo.<br \/>Nome e indirizzo del responsabile del trattamento:<br \/>Alois Huser, R\u00f6merweg 32, 5443 Niederrohrdorf<br \/>www.alhus.ch<br \/>Responsabile della protezione dei dati: Alois Huser<\/p>\n<p>&nbsp;<\/p>\n<h2 class=\"wp-block-heading\">Registrazione e memorizzazione automatica dei dati di connessione<\/h2>\n<p>Ogni volta che visitate questo sito web, il nostro server memorizza automaticamente le seguenti informazioni (&#8220;dati di connessione&#8221;) fornite dal browser dell&#8217;utente in file di log: indirizzo IP, pagina di ingresso (sito web da cui si \u00e8 acceduto al nostro sito), tipo di browser, sistema operativo, lingua del browser e data e ora dell&#8217;accesso. Quando utilizziamo questi dati di connessione, non traiamo alcuna conclusione sulla persona interessata. Queste informazioni sono necessarie per fornire correttamente i contenuti del nostro sito web, per garantire la funzionalit\u00e0 a lungo termine dei nostri sistemi informatici e della tecnologia del nostro sito web e per fornire alle autorit\u00e0 giudiziarie le informazioni necessarie per l&#8217;azione penale in caso di attacco informatico. Analizziamo questi dati raccolti in modo anonimo e statistico con l&#8217;obiettivo di aumentare la protezione e la sicurezza dei dati per garantire un livello ottimale di protezione dei dati personali che trattiamo. I dati anonimi dei file di log del server vengono memorizzati separatamente dai dati personali eventualmente forniti dall&#8217;utente.<\/p>\n<p>&nbsp;<\/p>\n<h2 class=\"wp-block-heading\">Cookie<\/h2>\n<p>Utilizziamo solo i cookie tecnicamente necessari per l&#8217;utilizzo dei nostri servizi. Non utilizziamo i cookie a fini pubblicitari o di marketing.<\/p>\n<p>Se si accede all&#8217;applicazione &#8220;Cebu&#8221; e si dispone di un account, verr\u00e0 impostato un cookie temporaneo per determinare se il browser accetta i cookie. Questo cookie non contiene dati personali e viene eliminato alla chiusura del browser.<\/p>\n<p>Quando si accede a &#8220;Cebu&#8221;, vengono impostati alcuni cookie per salvare le informazioni di accesso e le opzioni di visualizzazione. I cookie di accesso e i cookie per le opzioni di visualizzazione scadono dopo un giorno. Quando si esce dal proprio conto, i cookie di accesso vengono cancellati.<\/p>\n<p>&nbsp;<\/p>\n<h2 class=\"wp-block-heading\">Inoltro dei dati<\/h2>\n<p>Non trasmetteremo mai i vostri dati personali a terzi senza il vostro esplicito consenso. I dati vengono comunicati a terzi se ci\u00f2 \u00e8 richiesto dalla legge, da ordini del tribunale o da regolamenti ufficiali.<\/p>\n<p>Se si richiede la reimpostazione della password, il proprio indirizzo IP sar\u00e0 incluso nell&#8217;e-mail di reimpostazione.<\/p>\n<p>&nbsp;<\/p>\n<h2 class=\"wp-block-heading\">Durata dell&#8217;archiviazione dei dati<\/h2>\n<p>Per gli utenti che si registrano sul nostro sito web, memorizziamo anche le informazioni personali fornite nel loro profilo utente. Tutti gli utenti possono visualizzare, modificare o cancellare le proprie informazioni personali in qualsiasi momento (il nome utente non pu\u00f2 essere modificato). Anche gli amministratori del sito web possono visualizzare e modificare queste informazioni. I vostri dati personali saranno conservati da noi in conformit\u00e0 con la legge sulla protezione dei dati per il tempo necessario allo scopo dichiarato. Se lo scopo di archiviazione non \u00e8 pi\u00f9 valido o se scade un periodo di archiviazione prescritto dalla legge, i dati personali saranno bloccati o cancellati di routine in conformit\u00e0 alle disposizioni di legge.<\/p>\n<p>&nbsp;<\/p>\n<h2 class=\"wp-block-heading\">Sicurezza dei dati<\/h2>\n<p>In qualit\u00e0 di responsabile del trattamento, abbiamo implementato numerose misure tecniche e organizzative per garantire la massima protezione dei dati personali trattati tramite questo sito web. Proteggiamo i dati da accessi non autorizzati e garantiamo l&#8217;integrit\u00e0 dei dati e la riservatezza dei dati trasmessi tramite la nostra intranet. I dati ci vengono trasmessi attraverso una rete aperta, pubblicamente accessibile e transfrontaliera. Sono criptati. Tuttavia, non si pu\u00f2 escludere che i dati inviati in questo modo possano essere persi o visualizzati da terzi e che i contatti con noi possano essere rintracciati. Di conseguenza, ci\u00f2 potrebbe comportare la divulgazione dei vostri dati o la modifica del loro contenuto. Inoltre, i dati inviati via Internet possono essere trasmessi oltre confine e quindi anche attraverso Paesi con requisiti di protezione dei dati meno severi rispetto alla Svizzera, anche se il mittente e il destinatario si trovano in Svizzera. Non ci assumiamo alcuna responsabilit\u00e0 per danni diretti o indiretti derivanti dalla trasmissione di dati tra i visitatori del sito web e noi.<\/p>\n<p>&nbsp;<\/p>\n<h2 class=\"wp-block-heading\">Diritti degli interessati<\/h2>\n<p>Qualsiasi persona interessata dal trattamento dei dati personali pu\u00f2 richiedere in qualsiasi momento le seguenti attivit\u00e0 o misure:<\/p>\n<ul>\n<ul>\n<li>Accesso ai suoi dati personali<\/li>\n<\/ul>\n<\/ul>\n<ul>\n<ul>\n<li>La correzione immediata di dati personali errati che vi riguardano<\/li>\n<\/ul>\n<\/ul>\n<ul>\n<ul>\n<li>La cancellazione immediata dei propri dati personali se i dati non sono pi\u00f9 necessari per il trattamento ai fini della fornitura di servizi all&#8217;interessato e non si applicano i periodi di conservazione previsti dalla legge.<\/li>\n<\/ul>\n<\/ul>\n<ul>\n<ul>\n<li>Revocare il proprio consenso al trattamento dei dati personali<\/li>\n<\/ul>\n<\/ul>\n<ul>\n<ul>\n<li>Opporsi al trattamento dei dati personali che li riguardano. In caso di obiezione, non tratteremo pi\u00f9 i dati personali, a meno che non possiamo dimostrare motivi legittimi impellenti per il trattamento che prevalgono sugli interessi, i diritti e le libert\u00e0 dell&#8217;interessato o per l&#8217;istituzione, l&#8217;esercizio o la difesa di rivendicazioni legali.<\/li>\n<\/ul>\n<\/ul>\n<ul>\n<ul>\n<li>Ricezione dei dati personali che vi riguardano in un formato strutturato, comunemente utilizzato e leggibile da una macchina<\/li>\n<\/ul>\n<\/ul>\n<ul>\n<ul>\n<li>Trasferimento dei vostri dati personali direttamente da noi a un altro titolare del trattamento, nella misura in cui ci\u00f2 sia tecnicamente fattibile e a condizione che ci\u00f2 non pregiudichi i diritti e le libert\u00e0 di altre persone.<br \/>L&#8217;interessato pu\u00f2 contattarci in tutti i casi di cui sopra.<\/li>\n<\/ul>\n<\/ul>\n<p>&nbsp;<\/p>\n<p>[\/et_pb_text][\/et_pb_column][\/et_pb_row][\/et_pb_section]<\/p>\n","protected":false},"excerpt":{"rendered":"<p>Politica sulla privacy Scopo La seguente informativa sulla privacy informa i visitatori di questo sito web sulle finalit\u00e0 del trattamento e dell&#8217;analisi dei dati personali. Nel trattamento dei dati personali, quali nome, indirizzo, indirizzo e-mail o numero di telefono, ci atteniamo alle disposizioni della legge federale de Svizzera sulla protezione dei dati. Accedendo a questo [&hellip;]<\/p>\n","protected":false},"author":1,"featured_media":0,"parent":0,"menu_order":0,"comment_status":"closed","ping_status":"open","template":"","meta":{"_et_pb_use_builder":"on","_et_pb_old_content":"","_et_gb_content_width":"","footnotes":""},"class_list":["post-771","page","type-page","status-publish","hentry"],"_links":{"self":[{"href":"https:\/\/ce-bu.ch\/it\/wp-json\/wp\/v2\/pages\/771","targetHints":{"allow":["GET"]}}],"collection":[{"href":"https:\/\/ce-bu.ch\/it\/wp-json\/wp\/v2\/pages"}],"about":[{"href":"https:\/\/ce-bu.ch\/it\/wp-json\/wp\/v2\/types\/page"}],"author":[{"embeddable":true,"href":"https:\/\/ce-bu.ch\/it\/wp-json\/wp\/v2\/users\/1"}],"replies":[{"embeddable":true,"href":"https:\/\/ce-bu.ch\/it\/wp-json\/wp\/v2\/comments?post=771"}],"version-history":[{"count":6,"href":"https:\/\/ce-bu.ch\/it\/wp-json\/wp\/v2\/pages\/771\/revisions"}],"predecessor-version":[{"id":778,"href":"https:\/\/ce-bu.ch\/it\/wp-json\/wp\/v2\/pages\/771\/revisions\/778"}],"wp:attachment":[{"href":"https:\/\/ce-bu.ch\/it\/wp-json\/wp\/v2\/media?parent=771"}],"curies":[{"name":"wp","href":"https:\/\/api.w.org\/{rel}","templated":true}]}}