{"id":705,"date":"2023-11-17T17:14:52","date_gmt":"2023-11-17T16:14:52","guid":{"rendered":"https:\/\/ce-bu.ch\/quienes-somos\/"},"modified":"2025-10-10T08:17:47","modified_gmt":"2025-10-10T06:17:47","slug":"quienes-somos","status":"publish","type":"page","link":"https:\/\/ce-bu.ch\/es\/quienes-somos\/","title":{"rendered":"Qui\u00e9nes somos"},"content":{"rendered":"<p>[et_pb_section fb_built=\u00bb1&#8243; custom_padding_last_edited=\u00bboff|desktop\u00bb admin_label=\u00bbHero\u00bb _builder_version=\u00bb4.23.1&#8243; use_background_color_gradient=\u00bbon\u00bb background_color_gradient_direction=\u00bb60deg\u00bb background_color_gradient_stops=\u00bb#4878b8 0%|#809ab7 100%\u00bb background_color_gradient_start=\u00bb#8834fd\u00bb background_color_gradient_end=\u00bb#c756ec\u00bb custom_padding=\u00bb100px|0px|0px|0px\u00bb box_shadow_style=\u00bbpreset7&#8243; box_shadow_horizontal=\u00bb0px\u00bb box_shadow_vertical=\u00bb-100px\u00bb box_shadow_color=\u00bb#ffffff\u00bb global_colors_info=\u00bb{}\u00bb][et_pb_row _builder_version=\u00bb4.16&#8243; custom_padding=\u00bb|||\u00bb global_colors_info=\u00bb{}\u00bb][et_pb_column type=\u00bb4_4&#8243; _builder_version=\u00bb4.16&#8243; custom_padding=\u00bb|||\u00bb global_colors_info=\u00bb{}\u00bb custom_padding__hover=\u00bb|||\u00bb][et_pb_text _builder_version=\u00bb4.23.1&#8243; text_font=\u00bb||||||||\u00bb header_font=\u00bb|600|||||||\u00bb header_font_size=\u00bb18px\u00bb text_orientation=\u00bbcenter\u00bb background_layout=\u00bbdark\u00bb max_width=\u00bb700px\u00bb module_alignment=\u00bbcenter\u00bb custom_margin=\u00bb|||\u00bb custom_padding=\u00bb|||\u00bb global_colors_info=\u00bb{}\u00bb]<\/p>\n<h1>Qui\u00e9nes somos<\/h1>\n<p>[\/et_pb_text][et_pb_text _builder_version=\u00bb4.23.1&#8243; text_font=\u00bbOpen Sans|600|||||||\u00bb text_font_size=\u00bb16px\u00bb text_line_height=\u00bb1.8em\u00bb header_font=\u00bb||||||||\u00bb header_2_font=\u00bbPoppins||||||||\u00bb header_2_font_size=\u00bb36px\u00bb header_2_line_height=\u00bb1.4em\u00bb text_orientation=\u00bbcenter\u00bb background_layout=\u00bbdark\u00bb max_width=\u00bb700px\u00bb module_alignment=\u00bbcenter\u00bb global_colors_info=\u00bb{}\u00bb]<\/p>\n<h2>La energ\u00eda y las tecnolog\u00edas de la informaci\u00f3n (TI) son nuestra pasi\u00f3n<\/h2>\n<p>Llevamos muchos a\u00f1os ayudando a aumentar la eficiencia energ\u00e9tica y de los recursos con la ayuda de programas inform\u00e1ticos.[\/et_pb_text][\/et_pb_column][\/et_pb_row][et_pb_row _builder_version=\u00bb4.16&#8243; custom_padding=\u00bb27px|0px|0px|0px\u00bb global_colors_info=\u00bb{}\u00bb][et_pb_column type=\u00bb4_4&#8243; _builder_version=\u00bb4.16&#8243; custom_padding=\u00bb|||\u00bb global_colors_info=\u00bb{}\u00bb custom_padding__hover=\u00bb|||\u00bb][et_pb_image src=\u00bbhttps:\/\/ce-bu.ch\/wp-content\/uploads\/2023\/11\/Plant_tree_hands_web.jpg\u00bb title_text=\u00bbconcepto de empresa para invertir en medio ambiente, sociedad y gobernanza. Cooperaci\u00f3n de la organizaci\u00f3n Medio Ambiente para la caridad y el apoyo Concepto de tecnolog\u00eda medioambiental para los Objetivos de Desarrollo Sostenible. Inteligencia Artificial Generativa\u00bb align=\u00bbcenter\u00bb _builder_version=\u00bb4.23.1&#8243; _module_preset=\u00bbdefault\u00bb animation_style=\u00bbslide\u00bb global_colors_info=\u00bb{}\u00bb][\/et_pb_image][\/et_pb_column][\/et_pb_row][\/et_pb_section][et_pb_section fb_built=\u00bb1&#8243; admin_label=\u00bbOur Mission\u00bb _builder_version=\u00bb4.16&#8243; custom_padding=\u00bb100px|0px|100px|0px\u00bb global_colors_info=\u00bb{}\u00bb][et_pb_row column_structure=\u00bb1_2,1_2&#8243; _builder_version=\u00bb4.16&#8243; global_colors_info=\u00bb{}\u00bb][et_pb_column type=\u00bb1_2&#8243; _builder_version=\u00bb4.16&#8243; custom_padding=\u00bb|||\u00bb global_colors_info=\u00bb{}\u00bb custom_padding__hover=\u00bb|||\u00bb][et_pb_text _builder_version=\u00bb4.23.1&#8243; text_font=\u00bb||||||||\u00bb text_font_size=\u00bb16px\u00bb text_line_height=\u00bb1.8em\u00bb header_font=\u00bb||||||||\u00bb header_2_font=\u00bbPoppins||||||||\u00bb header_2_font_size=\u00bb28px\u00bb header_2_line_height=\u00bb1.4em\u00bb header_3_font=\u00bb||||||||\u00bb module_alignment=\u00bbcenter\u00bb hover_enabled=\u00bb0&#8243; locked=\u00bboff\u00bb global_colors_info=\u00bb{}\u00bb sticky_enabled=\u00bb0&#8243;]<\/p>\n<h2>La historia de Cebu<\/h2>\n<p>En 1993, el Gobierno suizo apoy\u00f3 el desarrollo de instrucciones para el registro sencillo de la energ\u00eda en las empresas industriales como parte del programa \u00abRavel\u00bb. Le sigui\u00f3 una herramienta de registro basada en Excel.<br \/>2004, se desarroll\u00f3 un programa independiente para la contabilidad energ\u00e9tica.<br \/>2023, se public\u00f3 la actual soluci\u00f3n web.<\/p>\n<p>[\/et_pb_text][\/et_pb_column][et_pb_column type=\u00bb1_2&#8243; _builder_version=\u00bb4.16&#8243; custom_padding=\u00bb|||\u00bb global_colors_info=\u00bb{}\u00bb custom_padding__hover=\u00bb|||\u00bb][et_pb_image src=\u00bbhttps:\/\/ce-bu.ch\/wp-content\/uploads\/2023\/11\/Cebu_history_small.jpg\u00bb title_text=\u00bbCebu_historia_peque\u00f1a\u00bb align_tablet=\u00bbcenter\u00bb align_phone=\u00bbcenter\u00bb align_last_edited=\u00bbon|desktop\u00bb _builder_version=\u00bb4.23.1&#8243; animation_style=\u00bbslide\u00bb animation_direction=\u00bbleft\u00bb animation_intensity_slide=\u00bb10%\u00bb global_colors_info=\u00bb{}\u00bb][\/et_pb_image][\/et_pb_column][\/et_pb_row][\/et_pb_section][et_pb_section fb_built=\u00bb1&#8243; admin_label=\u00bbWho We Are?\u00bb _builder_version=\u00bb4.16&#8243; background_color=\u00bb#fafafc\u00bb custom_padding=\u00bb100px|0px|100px|0px\u00bb global_colors_info=\u00bb{}\u00bb][et_pb_row _builder_version=\u00bb4.16&#8243; locked=\u00bboff\u00bb global_colors_info=\u00bb{}\u00bb][et_pb_column type=\u00bb4_4&#8243; _builder_version=\u00bb4.16&#8243; custom_padding=\u00bb|||\u00bb global_colors_info=\u00bb{}\u00bb custom_padding__hover=\u00bb|||\u00bb][et_pb_text _builder_version=\u00bb4.23.1&#8243; text_font=\u00bb||||||||\u00bb text_font_size=\u00bb16px\u00bb text_line_height=\u00bb1.8em\u00bb header_font=\u00bb||||||||\u00bb header_2_font=\u00bbPoppins||||||||\u00bb header_2_font_size=\u00bb28px\u00bb header_2_line_height=\u00bb1.4em\u00bb header_3_font=\u00bb||||||||\u00bb text_orientation=\u00bbcenter\u00bb max_width=\u00bb700px\u00bb module_alignment=\u00bbcenter\u00bb global_colors_info=\u00bb{}\u00bb]<\/p>\n<h2>Qui\u00e9nes somos<\/h2>\n<p>Somos un equipo de desarrolladores inform\u00e1ticos que conoce muy bien el sector de la energ\u00eda.<\/p>\n<p>Somos independientes de donantes externos y grupos de inter\u00e9s.<\/p>\n<p>Nuestra experiencia profesional de varias d\u00e9cadas en el sector es la base para ofrecer soluciones de alta calidad.<\/p>\n<p>Nuestra actitud y nuestros resultados se basan en hechos y no son ideol\u00f3gicos.<\/p>\n<p>[\/et_pb_text][\/et_pb_column][\/et_pb_row][\/et_pb_section]<\/p>\n","protected":false},"excerpt":{"rendered":"<p>Qui\u00e9nes somosLa energ\u00eda y las tecnolog\u00edas de la informaci\u00f3n (TI) son nuestra pasi\u00f3n Llevamos muchos a\u00f1os ayudando a aumentar la eficiencia energ\u00e9tica y de los recursos con la ayuda de programas inform\u00e1ticos.La historia de Cebu En 1993, el Gobierno suizo apoy\u00f3 el desarrollo de instrucciones para el registro sencillo de la energ\u00eda en las empresas [&hellip;]<\/p>\n","protected":false},"author":1,"featured_media":0,"parent":0,"menu_order":0,"comment_status":"closed","ping_status":"closed","template":"","meta":{"_et_pb_use_builder":"on","_et_pb_old_content":"","_et_gb_content_width":"","footnotes":""},"class_list":["post-705","page","type-page","status-publish","hentry"],"_links":{"self":[{"href":"https:\/\/ce-bu.ch\/es\/wp-json\/wp\/v2\/pages\/705","targetHints":{"allow":["GET"]}}],"collection":[{"href":"https:\/\/ce-bu.ch\/es\/wp-json\/wp\/v2\/pages"}],"about":[{"href":"https:\/\/ce-bu.ch\/es\/wp-json\/wp\/v2\/types\/page"}],"author":[{"embeddable":true,"href":"https:\/\/ce-bu.ch\/es\/wp-json\/wp\/v2\/users\/1"}],"replies":[{"embeddable":true,"href":"https:\/\/ce-bu.ch\/es\/wp-json\/wp\/v2\/comments?post=705"}],"version-history":[{"count":8,"href":"https:\/\/ce-bu.ch\/es\/wp-json\/wp\/v2\/pages\/705\/revisions"}],"predecessor-version":[{"id":1099,"href":"https:\/\/ce-bu.ch\/es\/wp-json\/wp\/v2\/pages\/705\/revisions\/1099"}],"wp:attachment":[{"href":"https:\/\/ce-bu.ch\/es\/wp-json\/wp\/v2\/media?parent=705"}],"curies":[{"name":"wp","href":"https:\/\/api.w.org\/{rel}","templated":true}]}}