{"id":686,"date":"2023-11-14T13:59:15","date_gmt":"2023-11-14T12:59:15","guid":{"rendered":"https:\/\/ce-bu.ch\/politica-de-privacidad\/"},"modified":"2024-01-05T08:13:31","modified_gmt":"2024-01-05T07:13:31","slug":"politica-de-privacidad","status":"publish","type":"page","link":"https:\/\/ce-bu.ch\/es\/politica-de-privacidad\/","title":{"rendered":"Pol\u00edtica de privacidad"},"content":{"rendered":"<p>[et_pb_section fb_built=\u00bb1&#8243; admin_label=\u00bbsection\u00bb _builder_version=\u00bb4.16&#8243; global_colors_info=\u00bb{}\u00bb][et_pb_row admin_label=\u00bbfila\u00bb _builder_version=\u00bb4.16&#8243; background_size=\u00bbinitial\u00bb background_position=\u00bbtop_left\u00bb background_repeat=\u00bbrepeat\u00bb custom_padding=\u00bb86px|||||\u00bb global_colors_info=\u00bb{}\u00bb][et_pb_column type=\u00bb4_4&#8243; _builder_version=\u00bb4.16&#8243; custom_padding=\u00bb|||\u00bb global_colors_info=\u00bb{}\u00bb custom_padding__hover=\u00bb|||\u00bb][et_pb_text admin_label=\u00bbText\u00bb _builder_version=\u00bb4.23.4&#8243; background_size=\u00bbinitial\u00bb background_position=\u00bbtop_left\u00bb background_repeat=\u00bbrepeat\u00bb hover_enabled=\u00bb0&#8243; global_colors_info=\u00bb{}\u00bb custom_padding=\u00bb1px|||||\u00bb sticky_enabled=\u00bb0&#8243;]<\/p>\n<h1 class=\"wp-block-heading\">Pol\u00edtica de privacidad<\/h1>\n<h2 class=\"wp-block-heading\"><\/h2>\n<h2 class=\"wp-block-heading\">Prop\u00f3sito<\/h2>\n<p>La siguiente pol\u00edtica de privacidad informa a los visitantes de este sitio web sobre la finalidad del tratamiento y an\u00e1lisis de los datos personales. Al procesar datos personales, como nombre, direcci\u00f3n, direcci\u00f3n de correo electr\u00f3nico o n\u00famero de tel\u00e9fono, cumplimos las disposiciones de la Ley Federal Suiza de Protecci\u00f3n de Datos. Al acceder a este sitio web y a sus enlaces, declara haber comprendido y aceptar la siguiente informaci\u00f3n. En general, es posible utilizar el sitio web \u00abce-bu.ch\u00bb sin facilitar datos personales. Si no est\u00e1 de acuerdo con la pol\u00edtica de privacidad, abst\u00e9ngase de acceder a este sitio web o de transmitir datos personales en el futuro. Nos reservamos el derecho a revisar la pol\u00edtica de privacidad en cualquier momento. Siempre se utiliza la \u00faltima versi\u00f3n en el momento de su uso.<br \/>Nombre y direcci\u00f3n del responsable del tratamiento:<br \/>Alois Huser, R\u00f6merweg 32, 5443 Niederrohrdorf<br \/>www.alhus.ch<br \/>Responsable de la protecci\u00f3n de datos: Alois Huser<\/p>\n<p>&nbsp;<\/p>\n<h2 class=\"wp-block-heading\">Registro y almacenamiento autom\u00e1ticos de los datos de conexi\u00f3n<\/h2>\n<p>Cada vez que visita este sitio web, nuestro servidor almacena autom\u00e1ticamente en archivos de registro la siguiente informaci\u00f3n (\u00abdatos de conexi\u00f3n\u00bb) proporcionada por el navegador del usuario: Direcci\u00f3n IP, la p\u00e1gina de entrada (sitio web desde el que accedi\u00f3 a nuestro sitio web), el tipo de navegador, el sistema operativo, el idioma del navegador y la fecha y hora de acceso. Al utilizar estos datos de conexi\u00f3n, no sacamos ninguna conclusi\u00f3n sobre la persona en cuesti\u00f3n. Esta informaci\u00f3n es necesaria para ofrecer correctamente los contenidos de nuestro sitio web, para garantizar la funcionalidad a largo plazo de nuestros sistemas de tecnolog\u00eda de la informaci\u00f3n y la tecnolog\u00eda de nuestro sitio web y para proporcionar a las autoridades policiales la informaci\u00f3n necesaria para su procesamiento en caso de ciberataque. Analizamos estad\u00edsticamente estos datos recopilados de forma an\u00f3nima con el objetivo de aumentar la protecci\u00f3n y la seguridad de los datos para garantizar un nivel \u00f3ptimo de protecci\u00f3n de los datos personales que procesamos. Los datos an\u00f3nimos de los archivos de registro del servidor se almacenan por separado de cualquier dato personal que usted pueda haber proporcionado.<\/p>\n<p>&nbsp;<\/p>\n<h2 class=\"wp-block-heading\">Cookies<\/h2>\n<p>S\u00f3lo utilizamos cookies que son t\u00e9cnicamente necesarias para el uso de nuestros servicios. No utilizamos cookies con fines publicitarios o de marketing.<\/p>\n<p>Si inicia sesi\u00f3n en la aplicaci\u00f3n \u00abCebu\u00bb y tiene una cuenta, instalaremos una cookie temporal para determinar si su navegador acepta cookies. Esta cookie no contiene ning\u00fan dato personal y se descarta al cerrar el navegador.<\/p>\n<p>Cuando inicie sesi\u00f3n en \u00abCebu\u00bb, instalaremos algunas cookies para guardar su informaci\u00f3n de inicio de sesi\u00f3n y las opciones de visualizaci\u00f3n. Las cookies de inicio de sesi\u00f3n y las cookies para las opciones de visualizaci\u00f3n caducan al cabo de un d\u00eda. Cuando cierra la sesi\u00f3n de su cuenta, se eliminan las cookies de inicio de sesi\u00f3n.<\/p>\n<p>&nbsp;<\/p>\n<h2 class=\"wp-block-heading\">Transmisi\u00f3n de datos<\/h2>\n<p>Nunca transmitiremos sus datos personales a terceros sin su consentimiento expreso. Los datos se revelan a terceros si as\u00ed lo exigen la ley, las \u00f3rdenes judiciales o los reglamentos oficiales.<\/p>\n<p>Si solicita un restablecimiento de contrase\u00f1a, su direcci\u00f3n IP se incluir\u00e1 en el correo electr\u00f3nico de restablecimiento.<\/p>\n<p>&nbsp;<\/p>\n<h2 class=\"wp-block-heading\">Duraci\u00f3n del almacenamiento de datos<\/h2>\n<p>En el caso de los usuarios que se registran en nuestro sitio web, tambi\u00e9n almacenamos la informaci\u00f3n personal que nos facilitan en sus perfiles de usuario. Todos los usuarios pueden ver, cambiar o borrar su informaci\u00f3n personal en cualquier momento (el nombre de usuario no puede cambiarse). Los administradores del sitio web tambi\u00e9n pueden ver y modificar esta informaci\u00f3n. Sus datos personales s\u00f3lo ser\u00e1n almacenados por nosotros de conformidad con la Ley de Protecci\u00f3n de Datos durante el tiempo que sea necesario para el fin indicado. Si la finalidad del almacenamiento deja de ser aplicable o si expira un per\u00edodo de almacenamiento prescrito por la ley, los datos personales se bloquear\u00e1n o eliminar\u00e1n de forma rutinaria de conformidad con las disposiciones legales.<\/p>\n<p>&nbsp;<\/p>\n<h2 class=\"wp-block-heading\">Seguridad de los datos<\/h2>\n<p>Como responsables del tratamiento, hemos aplicado numerosas medidas t\u00e9cnicas y organizativas para garantizar que los datos personales tratados a trav\u00e9s de este sitio web est\u00e9n protegidos de la forma m\u00e1s completa posible. Protegemos los datos del acceso no autorizado y garantizamos la integridad de los datos y la confidencialidad de los datos transmitidos a trav\u00e9s de nuestra propia intranet. Los datos se nos transmiten a trav\u00e9s de una red abierta, de acceso p\u00fablico y transfronteriza. Est\u00e1n encriptados. No obstante, no se puede descartar que los datos enviados de este modo puedan perderse o ser vistos por terceros y que se pueda rastrear el contacto con nosotros. En consecuencia, esto puede dar lugar a la divulgaci\u00f3n de sus datos o a la modificaci\u00f3n de su contenido. Adem\u00e1s, los datos enviados por Internet pueden transmitirse a trav\u00e9s de las fronteras y, por tanto, tambi\u00e9n a trav\u00e9s de pa\u00edses con requisitos de protecci\u00f3n de datos menos estrictos que en Suiza, incluso si el remitente y el destinatario se encuentran en Suiza. No aceptamos ninguna responsabilidad por da\u00f1os directos o indirectos resultantes de la transmisi\u00f3n de datos entre los visitantes del sitio web y nosotros.<\/p>\n<p>&nbsp;<\/p>\n<h2 class=\"wp-block-heading\">Derechos de los interesados<\/h2>\n<p>Cualquier persona afectada por el tratamiento de datos personales puede solicitar en cualquier momento las siguientes actividades o medidas:<\/p>\n<ul>\n<ul>\n<li>Acceso a sus datos personales<\/li>\n<\/ul>\n<\/ul>\n<ul>\n<ul>\n<li>Rectificaci\u00f3n inmediata de los datos personales incorrectos que le conciernan<\/li>\n<\/ul>\n<\/ul>\n<ul>\n<ul>\n<li>La supresi\u00f3n inmediata de sus datos personales cuando ya no sean necesarios para el tratamiento de los mismos con vistas a la prestaci\u00f3n de servicios al interesado y no se apliquen periodos de conservaci\u00f3n legales<\/li>\n<\/ul>\n<\/ul>\n<ul>\n<ul>\n<li>Revocar su consentimiento para el tratamiento de sus datos personales<\/li>\n<\/ul>\n<\/ul>\n<ul>\n<ul>\n<li>Oponerse al tratamiento de los datos personales que les conciernan. En caso de oposici\u00f3n, dejaremos de tratar los datos personales, a menos que podamos demostrar motivos leg\u00edtimos imperiosos para el tratamiento que prevalezcan sobre los intereses, derechos y libertades del interesado o para el reconocimiento, ejercicio o defensa de reclamaciones legales.<\/li>\n<\/ul>\n<\/ul>\n<ul>\n<ul>\n<li>Recepci\u00f3n de los datos personales que le conciernen en un formato estructurado, de uso com\u00fan y lectura mec\u00e1nica<\/li>\n<\/ul>\n<\/ul>\n<ul>\n<ul>\n<li>Transferencia de sus datos personales directamente de nosotros a otro responsable del tratamiento, en la medida en que sea t\u00e9cnicamente posible y siempre que ello no afecte negativamente a los derechos y libertades de otras personas.<br \/>El interesado puede ponerse en contacto con nosotros en todos los casos anteriores.<\/li>\n<\/ul>\n<\/ul>\n<p>&nbsp;<\/p>\n<p>[\/et_pb_text][\/et_pb_column][\/et_pb_row][\/et_pb_section]<\/p>\n","protected":false},"excerpt":{"rendered":"<p>Pol\u00edtica de privacidad Prop\u00f3sito La siguiente pol\u00edtica de privacidad informa a los visitantes de este sitio web sobre la finalidad del tratamiento y an\u00e1lisis de los datos personales. Al procesar datos personales, como nombre, direcci\u00f3n, direcci\u00f3n de correo electr\u00f3nico o n\u00famero de tel\u00e9fono, cumplimos las disposiciones de la Ley Federal Suiza de Protecci\u00f3n de Datos. [&hellip;]<\/p>\n","protected":false},"author":1,"featured_media":0,"parent":0,"menu_order":0,"comment_status":"closed","ping_status":"open","template":"","meta":{"_et_pb_use_builder":"on","_et_pb_old_content":"","_et_gb_content_width":"","footnotes":""},"class_list":["post-686","page","type-page","status-publish","hentry"],"_links":{"self":[{"href":"https:\/\/ce-bu.ch\/es\/wp-json\/wp\/v2\/pages\/686","targetHints":{"allow":["GET"]}}],"collection":[{"href":"https:\/\/ce-bu.ch\/es\/wp-json\/wp\/v2\/pages"}],"about":[{"href":"https:\/\/ce-bu.ch\/es\/wp-json\/wp\/v2\/types\/page"}],"author":[{"embeddable":true,"href":"https:\/\/ce-bu.ch\/es\/wp-json\/wp\/v2\/users\/1"}],"replies":[{"embeddable":true,"href":"https:\/\/ce-bu.ch\/es\/wp-json\/wp\/v2\/comments?post=686"}],"version-history":[{"count":10,"href":"https:\/\/ce-bu.ch\/es\/wp-json\/wp\/v2\/pages\/686\/revisions"}],"predecessor-version":[{"id":749,"href":"https:\/\/ce-bu.ch\/es\/wp-json\/wp\/v2\/pages\/686\/revisions\/749"}],"wp:attachment":[{"href":"https:\/\/ce-bu.ch\/es\/wp-json\/wp\/v2\/media?parent=686"}],"curies":[{"name":"wp","href":"https:\/\/api.w.org\/{rel}","templated":true}]}}