{"id":675,"date":"2023-11-17T10:49:55","date_gmt":"2023-11-17T09:49:55","guid":{"rendered":"https:\/\/ce-bu.ch\/pie-de-imprenta\/"},"modified":"2025-10-10T08:19:27","modified_gmt":"2025-10-10T06:19:27","slug":"pie-de-imprenta","status":"publish","type":"page","link":"https:\/\/ce-bu.ch\/es\/pie-de-imprenta\/","title":{"rendered":"Aviso legal"},"content":{"rendered":"<p>[et_pb_section fb_built=\u00bb1&#8243; admin_label=\u00bbsection\u00bb _builder_version=\u00bb4.16&#8243; global_colors_info=\u00bb{}\u00bb][et_pb_row admin_label=\u00bbfila\u00bb _builder_version=\u00bb4.16&#8243; background_size=\u00bbinitial\u00bb background_position=\u00bbtop_left\u00bb background_repeat=\u00bbrepeat\u00bb global_colors_info=\u00bb{}\u00bb][et_pb_column type=\u00bb4_4&#8243; _builder_version=\u00bb4.16&#8243; custom_padding=\u00bb|||\u00bb global_colors_info=\u00bb{}\u00bb custom_padding__hover=\u00bb|||\u00bb][et_pb_text admin_label=\u00bbText\u00bb _builder_version=\u00bb4.16&#8243; background_size=\u00bbinitial\u00bb background_position=\u00bbtop_left\u00bb background_repeat=\u00bbrepeat\u00bb global_colors_info=\u00bb{}\u00bb]<\/p>\n<h1 class=\"wp-block-heading\">Aviso legal<\/h1>\n<h2 class=\"wp-block-heading\"><\/h2>\n<h2 class=\"wp-block-heading\"><\/h2>\n<h2 class=\"wp-block-heading\">Autor<\/h2>\n<p>Alois Huser<br \/>R\u00f6merweg 32<br \/>5443 Niederrohrdorf, Suiza<\/p>\n<p>Empresa: Beratung Alois Huser, <a href=\"http:\/\/www.alhus.ch,\">www.alhus.ch,<\/a> UID CHE-296.745.220<\/p>\n<p>&nbsp;<\/p>\n<h2 class=\"wp-block-heading\">Descargo de responsabilidad<\/h2>\n<p>  El autor no asume responsabilidad alguna con respecto a la exactitud, precisi\u00f3n, actualidad, fiabilidad e integridad de la informaci\u00f3n.<br \/>Quedan excluidas las reclamaciones de responsabilidad contra el autor por da\u00f1os materiales o inmateriales derivados del acceso a la informaci\u00f3n publicada, de su uso o no uso, del mal uso de la conexi\u00f3n o de fallos t\u00e9cnicos.<br \/>Todas las ofertas son sin compromiso. El autor se reserva expresamente el derecho a modificar, completar o suprimir partes de las p\u00e1ginas o la oferta completa sin previo aviso o a interrumpir la publicaci\u00f3n temporal o definitivamente.<\/p>\n<p>&nbsp;<\/p>\n<h2 class=\"wp-block-heading\">Responsabilidad de los enlaces<\/h2>\n<p>Las referencias y enlaces a sitios web de terceros est\u00e1n fuera de nuestro \u00e1mbito de responsabilidad, por lo que declinamos toda responsabilidad sobre dichos sitios web. El acceso a estos sitios web y su utilizaci\u00f3n corren por cuenta y riesgo del usuario.<\/p>\n<p>&nbsp;<\/p>\n<h2 class=\"wp-block-heading\">Derechos de autor<\/h2>\n<p>Los derechos de autor y todos los dem\u00e1s derechos sobre contenidos, im\u00e1genes, fotos u otros archivos del sitio web pertenecen exclusivamente a su propietario. Para la reproducci\u00f3n de cualquier elemento debe obtenerse previamente el consentimiento por escrito del titular de los derechos de autor.<\/p>\n<p>Cebu<sup>\u00ae<\/sup> es una marca registrada en Suiza.<\/p>\n<p>&nbsp;<\/p>\n<p>[\/et_pb_text][\/et_pb_column][\/et_pb_row][\/et_pb_section]<\/p>\n","protected":false},"excerpt":{"rendered":"<p>Aviso legal Autor Alois HuserR\u00f6merweg 325443 Niederrohrdorf, Suiza Empresa: Beratung Alois Huser, www.alhus.ch, UID CHE-296.745.220 &nbsp; Descargo de responsabilidad El autor no asume responsabilidad alguna con respecto a la exactitud, precisi\u00f3n, actualidad, fiabilidad e integridad de la informaci\u00f3n.Quedan excluidas las reclamaciones de responsabilidad contra el autor por da\u00f1os materiales o inmateriales derivados del acceso a [&hellip;]<\/p>\n","protected":false},"author":1,"featured_media":0,"parent":0,"menu_order":0,"comment_status":"closed","ping_status":"closed","template":"","meta":{"_et_pb_use_builder":"on","_et_pb_old_content":"","_et_gb_content_width":"","footnotes":""},"class_list":["post-675","page","type-page","status-publish","hentry"],"_links":{"self":[{"href":"https:\/\/ce-bu.ch\/es\/wp-json\/wp\/v2\/pages\/675","targetHints":{"allow":["GET"]}}],"collection":[{"href":"https:\/\/ce-bu.ch\/es\/wp-json\/wp\/v2\/pages"}],"about":[{"href":"https:\/\/ce-bu.ch\/es\/wp-json\/wp\/v2\/types\/page"}],"author":[{"embeddable":true,"href":"https:\/\/ce-bu.ch\/es\/wp-json\/wp\/v2\/users\/1"}],"replies":[{"embeddable":true,"href":"https:\/\/ce-bu.ch\/es\/wp-json\/wp\/v2\/comments?post=675"}],"version-history":[{"count":11,"href":"https:\/\/ce-bu.ch\/es\/wp-json\/wp\/v2\/pages\/675\/revisions"}],"predecessor-version":[{"id":1105,"href":"https:\/\/ce-bu.ch\/es\/wp-json\/wp\/v2\/pages\/675\/revisions\/1105"}],"wp:attachment":[{"href":"https:\/\/ce-bu.ch\/es\/wp-json\/wp\/v2\/media?parent=675"}],"curies":[{"name":"wp","href":"https:\/\/api.w.org\/{rel}","templated":true}]}}